{"id":1202,"date":"2025-05-05T07:35:09","date_gmt":"2025-05-05T07:35:09","guid":{"rendered":"https:\/\/nhapupwe.org\/donate\/"},"modified":"2025-10-30T09:22:20","modified_gmt":"2025-10-30T09:22:20","slug":"donate","status":"publish","type":"page","link":"https:\/\/nhapupwe.org\/pt-pt\/donate\/","title":{"rendered":"Doar"},"content":{"rendered":"<div class=\"wpb-content-wrapper\"><p>[vc_row row_height_percent=&#8221;50&#8243; override_padding=&#8221;yes&#8221; h_padding=&#8221;2&#8243; top_padding=&#8221;5&#8243; bottom_padding=&#8221;5&#8243; back_image=&#8221;74&#8243; parallax=&#8221;yes&#8221; overlay_alpha=&#8221;50&#8243; gutter_size=&#8221;3&#8243; column_width_percent=&#8221;100&#8243; shift_y=&#8221;0&#8243; z_index=&#8221;0&#8243; content_parallax=&#8221;0&#8243; uncode_shortcode_id=&#8221;260187&#8243; row_height_pixel=&#8221;200px&#8221;][vc_column width=&#8221;1\/1&#8243;][\/vc_column][\/vc_row][vc_row row_height_percent=&#8221;0&#8243; override_padding=&#8221;yes&#8221; h_padding=&#8221;2&#8243; top_padding=&#8221;2&#8243; bottom_padding=&#8221;2&#8243; overlay_alpha=&#8221;96&#8243; gutter_size=&#8221;4&#8243; column_width_percent=&#8221;100&#8243; shift_y=&#8221;0&#8243; z_index=&#8221;0&#8243; content_parallax=&#8221;0&#8243; uncode_shortcode_id=&#8221;119849&#8243;][vc_column column_width_percent=&#8221;100&#8243; gutter_size=&#8221;2&#8243; overlay_alpha=&#8221;50&#8243; shift_x=&#8221;0&#8243; shift_y=&#8221;0&#8243; shift_y_down=&#8221;0&#8243; z_index=&#8221;0&#8243; medium_width=&#8221;0&#8243; mobile_width=&#8221;0&#8243; width=&#8221;4\/12&#8243; uncode_shortcode_id=&#8221;968949&#8243;][vc_custom_heading heading_semantic=&#8221;h1&#8243; text_size=&#8221;h1&#8243; uncode_shortcode_id=&#8221;114273&#8243;]Doar[\/vc_custom_heading][vc_separator sep_color=&#8221;color-red-nhapupwe&#8221; icon=&#8221;fa fa-heart&#8221; icon_position=&#8221;left&#8221; uncode_shortcode_id=&#8221;161758&#8243; sep_color_type=&#8221;uncode-palette&#8221;][\/vc_column][vc_column width=&#8221;8\/12&#8243;][vc_custom_heading heading_semantic=&#8221;div&#8221; text_size=&#8221;h3&#8243; uncode_shortcode_id=&#8221;103499&#8243;]Apoie a miss\u00e3o da Nhap\u00fapw\u00e8 de transformar a educa\u00e7\u00e3o pr\u00e9-escolar em Mo\u00e7ambique. A sua doa\u00e7\u00e3o ajuda a capacitar professores, estimular a inova\u00e7\u00e3o e tornar o aprendizado de qualidade acess\u00edvel a todas as crian\u00e7as.[\/vc_custom_heading][\/vc_column][\/vc_row][vc_row row_height_percent=&#8221;0&#8243; override_padding=&#8221;yes&#8221; h_padding=&#8221;2&#8243; top_padding=&#8221;3&#8243; bottom_padding=&#8221;3&#8243; overlay_alpha=&#8221;50&#8243; equal_height=&#8221;yes&#8221; gutter_size=&#8221;3&#8243; column_width_percent=&#8221;100&#8243; shift_y=&#8221;0&#8243; z_index=&#8221;0&#8243; content_parallax=&#8221;0&#8243; uncode_shortcode_id=&#8221;211931&#8243;][vc_column column_width_percent=&#8221;100&#8243; gutter_size=&#8221;2&#8243; back_color=&#8221;orange-nhapupwe&#8221; back_image=&#8221;544&#8243; back_position=&#8221;right top&#8221; overlay_alpha=&#8221;50&#8243; radius=&#8221;xl&#8221; shift_x=&#8221;0&#8243; shift_y=&#8221;0&#8243; shift_y_down=&#8221;0&#8243; z_index=&#8221;0&#8243; medium_width=&#8221;0&#8243; mobile_width=&#8221;0&#8243; width=&#8221;1\/2&#8243; uncode_shortcode_id=&#8221;151542&#8243; back_color_type=&#8221;uncode-palette&#8221; back_size=&#8221;25%&#8221;][vc_custom_heading heading_semantic=&#8221;h3&#8243; text_size=&#8221;h3&#8243; uncode_shortcode_id=&#8221;229680&#8243;]Contacto Banc\u00e1rio da Nhap\u00fapw\u00e8 em Mo\u00e7ambique[\/vc_custom_heading][vc_column_text uncode_shortcode_id=&#8221;118482&#8243;]Titular da conta: Associa\u00e7\u00e3o Nhap\u00fapw\u00e8<br \/>\nBanco Comercial de Investimentos (BCI)<br \/>\nN\u00famero de conta: 1564600410001<br \/>\nNIB: 000800001564600410180<br \/>\nSwift Code: CGDIMZMA[\/vc_column_text][vc_empty_space empty_h=&#8221;2&#8243;][vc_custom_heading heading_semantic=&#8221;h3&#8243; text_size=&#8221;h3&#8243; uncode_shortcode_id=&#8221;365734&#8243;]Contacto Banc\u00e1rio da Associa\u00e7\u00e3o de Apoio em Alemanha[\/vc_custom_heading][vc_column_text uncode_shortcode_id=&#8221;198816&#8243;]Titular da conta: F\u00f6rderverein Nhap\u00fapw\u00e8<br \/>\nBanco: Sparkasse M\u00fcnsterland Ost<br \/>\nIBAN: DE68 4005 0150 0034 3416 85<br \/>\nBIC: WELADED1MS<\/p>\n<p><strong>As doa\u00e7\u00f5es para a Associa\u00e7\u00e3o de Apoio s\u00e3o transferidas diretamente para o Nhap\u00fapw\u00e8 em Mo\u00e7ambique, e recibos de doa\u00e7\u00e3o dedut\u00edveis de impostos s\u00e3o emitidos ao final de cada ano.<\/strong>[\/vc_column_text][\/vc_column][vc_column column_width_percent=&#8221;100&#8243; gutter_size=&#8221;3&#8243; back_color=&#8221;yellow-nhapupwe&#8221; overlay_alpha=&#8221;50&#8243; radius=&#8221;xl&#8221; shift_x=&#8221;0&#8243; shift_y=&#8221;0&#8243; shift_y_down=&#8221;0&#8243; z_index=&#8221;0&#8243; medium_width=&#8221;0&#8243; mobile_width=&#8221;0&#8243; width=&#8221;1\/2&#8243; uncode_shortcode_id=&#8221;495888&#8243; back_color_type=&#8221;uncode-palette&#8221;][vc_single_image media=&#8221;792&#8243; media_width_percent=&#8221;50&#8243; uncode_shortcode_id=&#8221;128472&#8243; media_link=&#8221;url:https%3A%2F%2Fsecure.betterplace.org%2Fde%2Fdonate%2Fplatform%2Fprojects%2F7317|target:_blank&#8221;][vc_column_text uncode_shortcode_id=&#8221;470401&#8243;]Al\u00e9m da transfer\u00eancia direta, tamb\u00e9m \u00e9 poss\u00edvel doar para o trabalho do Nhap\u00fapw\u00e8 em Mo\u00e7ambique por meio da plataforma de financiamento coletivo betterplace.org, conhecida globalmente. Por favor, siga as instru\u00e7\u00f5es dispon\u00edveis no site da betterplace.[\/vc_column_text][vc_button border_width=&#8221;0&#8243; link=&#8221;url:https%3A%2F%2Fsecure.betterplace.org%2Fde%2Fdonate%2Fplatform%2Fprojects%2F7317|target:_blank|&#8221; uncode_shortcode_id=&#8221;181706&#8243;]Doar agora![\/vc_button][\/vc_column][\/vc_row][vc_row row_height_percent=&#8221;0&#8243; override_padding=&#8221;yes&#8221; h_padding=&#8221;2&#8243; top_padding=&#8221;3&#8243; bottom_padding=&#8221;3&#8243; back_image=&#8221;544&#8243; back_position=&#8221;left top&#8221; overlay_alpha=&#8221;50&#8243; gutter_size=&#8221;3&#8243; column_width_percent=&#8221;100&#8243; shift_y=&#8221;0&#8243; z_index=&#8221;0&#8243; content_parallax=&#8221;0&#8243; uncode_shortcode_id=&#8221;208717&#8243; back_size=&#8221;20%&#8221;][vc_column column_width_use_pixel=&#8221;yes&#8221; align_horizontal=&#8221;align_center&#8221; gutter_size=&#8221;3&#8243; overlay_alpha=&#8221;50&#8243; shift_x=&#8221;0&#8243; shift_y=&#8221;0&#8243; shift_y_down=&#8221;0&#8243; z_index=&#8221;0&#8243; medium_width=&#8221;0&#8243; mobile_width=&#8221;0&#8243; width=&#8221;1\/1&#8243; uncode_shortcode_id=&#8221;126191&#8243; column_width_pixel=&#8221;800&#8243;][vc_custom_heading heading_semantic=&#8221;h3&#8243; text_size=&#8221;h1&#8243; uncode_shortcode_id=&#8221;139192&#8243;]O que pode ser financiado com donativos?[\/vc_custom_heading][vc_column_text uncode_shortcode_id=&#8221;603197&#8243;]Os custos cont\u00ednuos da pr\u00e9-escola e da escola prim\u00e1ria do Nhap\u00fapw\u00e8 s\u00e3o cobertos pelas fam\u00edlias com base em um conceito de contribui\u00e7\u00e3o solid\u00e1ria, garantindo sustentabilidade e continuidade, mesmo sem doa\u00e7\u00f5es externas.<\/p>\n<p>No entanto, para a importante expans\u00e3o da infraestrutura, da forma\u00e7\u00e3o e do trabalho comunit\u00e1rio, o Nhap\u00fapw\u00e8 depende de doa\u00e7\u00f5es. Gra\u00e7as \u00e0s doa\u00e7\u00f5es, o Nhap\u00fapw\u00e8 conseguiu crescer e tornar-se um centro de refer\u00eancia nacional.<\/p>\n<p><strong>Veja como as suas doa\u00e7\u00f5es podem fazer a diferen\u00e7a:<\/strong>[\/vc_column_text][\/vc_column][\/vc_row][vc_row row_height_percent=&#8221;0&#8243; override_padding=&#8221;yes&#8221; h_padding=&#8221;2&#8243; top_padding=&#8221;3&#8243; bottom_padding=&#8221;3&#8243; overlay_alpha=&#8221;50&#8243; gutter_size=&#8221;3&#8243; column_width_percent=&#8221;100&#8243; shift_y=&#8221;0&#8243; z_index=&#8221;0&#8243; content_parallax=&#8221;0&#8243; uncode_shortcode_id=&#8221;143220&#8243;][vc_column column_width_percent=&#8221;100&#8243; align_horizontal=&#8221;align_center&#8221; gutter_size=&#8221;3&#8243; overlay_alpha=&#8221;50&#8243; shift_x=&#8221;0&#8243; shift_y=&#8221;0&#8243; shift_y_down=&#8221;0&#8243; z_index=&#8221;0&#8243; medium_width=&#8221;0&#8243; mobile_width=&#8221;0&#8243; width=&#8221;1\/1&#8243; uncode_shortcode_id=&#8221;157591&#8243;][vc_custom_heading heading_semantic=&#8221;h3&#8243; text_size=&#8221;h1&#8243; uncode_shortcode_id=&#8221;190423&#8243;]O Que Precisamos Neste Momento[\/vc_custom_heading][vc_row_inner row_inner_height_percent=&#8221;0&#8243; overlay_alpha=&#8221;0&#8243; equal_height=&#8221;yes&#8221; gutter_size=&#8221;4&#8243; shift_y=&#8221;0&#8243; z_index=&#8221;0&#8243; uncode_shortcode_id=&#8221;316372&#8243;][vc_column_inner column_width_percent=&#8221;100&#8243; align_horizontal=&#8221;align_center&#8221; gutter_size=&#8221;2&#8243; back_color=&#8221;yellow-nhapupwe&#8221; overlay_alpha=&#8221;50&#8243; radius=&#8221;xl&#8221; shift_x=&#8221;0&#8243; shift_y=&#8221;0&#8243; shift_y_down=&#8221;0&#8243; z_index=&#8221;0&#8243; medium_width=&#8221;0&#8243; mobile_width=&#8221;0&#8243; width=&#8221;1\/3&#8243; uncode_shortcode_id=&#8221;191229&#8243; back_color_type=&#8221;uncode-palette&#8221;][vc_icon icon=&#8221;fa fa-futbol-o&#8221; background_style=&#8221;fa-rounded&#8221; size=&#8221;fa-2x&#8221; uncode_shortcode_id=&#8221;211272&#8243;][\/vc_icon][vc_custom_heading heading_semantic=&#8221;h3&#8243; text_size=&#8221;h3&#8243; uncode_shortcode_id=&#8221;198805&#8243;]Campo de esportes e melhorias na infraestrutura[\/vc_custom_heading][vc_column_text uncode_shortcode_id=&#8221;676921&#8243;]Cobertura do campo de esportes, para que as aulas de educa\u00e7\u00e3o f\u00edsica possam ocorrer durante os meses quentes de ver\u00e3o. Tamb\u00e9m estamos trabalhando em melhorias gerais de infraestrutura, para que o espa\u00e7o possa ser utilizado em diversas atividades extracurriculares, como aulas de dan\u00e7a, teatro, artes marciais e xadrez, al\u00e9m de servir como local para festividades e eventos. Isso gera uma fonte adicional de renda para a escola e ajuda a financiar sua manuten\u00e7\u00e3o.[\/vc_column_text][\/vc_column_inner][vc_column_inner column_width_percent=&#8221;100&#8243; align_horizontal=&#8221;align_center&#8221; gutter_size=&#8221;2&#8243; back_color=&#8221;yellow-nhapupwe&#8221; overlay_alpha=&#8221;50&#8243; radius=&#8221;xl&#8221; shift_x=&#8221;0&#8243; shift_y=&#8221;0&#8243; shift_y_down=&#8221;0&#8243; z_index=&#8221;0&#8243; medium_width=&#8221;0&#8243; mobile_width=&#8221;0&#8243; width=&#8221;1\/3&#8243; uncode_shortcode_id=&#8221;182058&#8243; back_color_type=&#8221;uncode-palette&#8221;][vc_icon icon=&#8221;fa fa-home&#8221; background_style=&#8221;fa-rounded&#8221; size=&#8221;fa-2x&#8221; uncode_shortcode_id=&#8221;203201&#8243;][\/vc_icon][vc_custom_heading heading_semantic=&#8221;h3&#8243; text_size=&#8221;h3&#8243; uncode_shortcode_id=&#8221;795664&#8243;]Financiamento de forma\u00e7\u00f5es para educadores e professores[\/vc_custom_heading][vc_column_text uncode_shortcode_id=&#8221;205178&#8243;]O Nhap\u00fapw\u00e8 compartilha sua abordagem educacional por meio de forma\u00e7\u00f5es e consultorias para pr\u00e9-escolas, escolas prim\u00e1rias, institutos de forma\u00e7\u00e3o e \u00f3rg\u00e3os governamentais. As suas doa\u00e7\u00f5es ajudam a ampliar este importante trabalho. At\u00e9 agora, j\u00e1 formamos mais de 1.000 professores, educadores e formadores em todo Mo\u00e7ambique \u2014 e queremos fazer ainda mais.[\/vc_column_text][\/vc_column_inner][vc_column_inner column_width_percent=&#8221;100&#8243; align_horizontal=&#8221;align_center&#8221; gutter_size=&#8221;2&#8243; back_color=&#8221;yellow-nhapupwe&#8221; overlay_alpha=&#8221;50&#8243; radius=&#8221;xl&#8221; shift_x=&#8221;0&#8243; shift_y=&#8221;0&#8243; shift_y_down=&#8221;0&#8243; z_index=&#8221;0&#8243; medium_width=&#8221;0&#8243; mobile_width=&#8221;0&#8243; width=&#8221;1\/3&#8243; uncode_shortcode_id=&#8221;206695&#8243; back_color_type=&#8221;uncode-palette&#8221;][vc_icon icon=&#8221;fa fa-pencil&#8221; background_style=&#8221;fa-rounded&#8221; size=&#8221;fa-2x&#8221; uncode_shortcode_id=&#8221;315188&#8243;][\/vc_icon][vc_custom_heading heading_semantic=&#8221;h3&#8243; text_size=&#8221;h3&#8243; uncode_shortcode_id=&#8221;546359&#8243;]Trabalho Comunit\u00e1rio[\/vc_custom_heading][vc_column_text uncode_shortcode_id=&#8221;190021&#8243;]Criamos materiais e guias educacionais n\u00e3o apenas para alunos, educadores e professores, mas tamb\u00e9m para as pessoas ao seu redor. Realizamos sess\u00f5es de partilha, eventos e apresenta\u00e7\u00f5es para envolver os pais e a comunidade em geral.[\/vc_column_text][\/vc_column_inner][\/vc_row_inner][\/vc_column][\/vc_row]<\/p>\n<\/div>","protected":false},"excerpt":{"rendered":"<p>[vc_row row_height_percent=&#8221;50&#8243; override_padding=&#8221;yes&#8221; h_padding=&#8221;2&#8243; top_padding=&#8221;5&#8243; bottom_padding=&#8221;5&#8243; back_image=&#8221;74&#8243; parallax=&#8221;yes&#8221; overlay_alpha=&#8221;50&#8243; gutter_size=&#8221;3&#8243; column_width_percent=&#8221;100&#8243; shift_y=&#8221;0&#8243; z_index=&#8221;0&#8243; content_parallax=&#8221;0&#8243; uncode_shortcode_id=&#8221;260187&#8243; row_height_pixel=&#8221;200px&#8221;][vc_column width=&#8221;1\/1&#8243;][\/vc_column][\/vc_row][vc_row row_height_percent=&#8221;0&#8243; override_padding=&#8221;yes&#8221; h_padding=&#8221;2&#8243; [&hellip;]<\/p>\n","protected":false},"author":1,"featured_media":0,"parent":0,"menu_order":0,"comment_status":"closed","ping_status":"closed","template":"","meta":{"footnotes":""},"class_list":["post-1202","page","type-page","status-publish","hentry"],"_links":{"self":[{"href":"https:\/\/nhapupwe.org\/pt-pt\/wp-json\/wp\/v2\/pages\/1202","targetHints":{"allow":["GET"]}}],"collection":[{"href":"https:\/\/nhapupwe.org\/pt-pt\/wp-json\/wp\/v2\/pages"}],"about":[{"href":"https:\/\/nhapupwe.org\/pt-pt\/wp-json\/wp\/v2\/types\/page"}],"author":[{"embeddable":true,"href":"https:\/\/nhapupwe.org\/pt-pt\/wp-json\/wp\/v2\/users\/1"}],"replies":[{"embeddable":true,"href":"https:\/\/nhapupwe.org\/pt-pt\/wp-json\/wp\/v2\/comments?post=1202"}],"version-history":[{"count":8,"href":"https:\/\/nhapupwe.org\/pt-pt\/wp-json\/wp\/v2\/pages\/1202\/revisions"}],"predecessor-version":[{"id":1473,"href":"https:\/\/nhapupwe.org\/pt-pt\/wp-json\/wp\/v2\/pages\/1202\/revisions\/1473"}],"wp:attachment":[{"href":"https:\/\/nhapupwe.org\/pt-pt\/wp-json\/wp\/v2\/media?parent=1202"}],"curies":[{"name":"wp","href":"https:\/\/api.w.org\/{rel}","templated":true}]}}